{"id":522,"date":"2025-06-01T06:23:35","date_gmt":"2025-06-01T06:23:35","guid":{"rendered":"https:\/\/ticamericas.net\/bioplastics\/?page_id=522"},"modified":"2025-10-22T15:56:00","modified_gmt":"2025-10-22T15:56:00","slug":"rondas-de-competencia-seleccion-y-premiacion-a-ganadores","status":"publish","type":"page","link":"https:\/\/ticamericas.net\/bioplastics\/es\/reglas\/rondas-de-competencia-seleccion-y-premiacion-a-ganadores\/","title":{"rendered":"Rondas de Competencia, Selecci\u00f3n y Premiaci\u00f3n a Ganadores"},"content":{"rendered":"\t\t<div data-elementor-type=\"wp-page\" data-elementor-id=\"522\" class=\"elementor elementor-522\">\n\t\t\t\t\t\t<section class=\"elementor-section elementor-top-section elementor-element elementor-element-3220d65 elementor-section-boxed elementor-section-height-default elementor-section-height-default\" data-id=\"3220d65\" data-element_type=\"section\" data-e-type=\"section\">\n\t\t\t\t\t\t<div class=\"elementor-container elementor-column-gap-default\">\n\t\t\t\t\t<div class=\"elementor-column elementor-col-100 elementor-top-column elementor-element elementor-element-c5180e0\" data-id=\"c5180e0\" data-element_type=\"column\" data-e-type=\"column\">\n\t\t\t<div class=\"elementor-widget-wrap elementor-element-populated\">\n\t\t\t\t\t\t<div class=\"elementor-element elementor-element-2f46e63 elementor-widget elementor-widget-text-editor\" data-id=\"2f46e63\" data-element_type=\"widget\" data-e-type=\"widget\" data-widget_type=\"text-editor.default\">\n\t\t\t\t<div class=\"elementor-widget-container\">\n\t\t\t\t\t\t\t\t\t<p><span style=\"font-weight: 400;\">El Bio Plastics Challenge se llevar\u00e1 a cabo en tres rondas de competencia: Elegibilidad, Semifinales y Finales.<\/span><\/p><p><strong>Ronda de Elegibilidad<\/strong><\/p><p><span style=\"font-weight: 400;\">Durante la Ronda de Elegibilidad, los organizadores revisar\u00e1n los Perfiles de Equipos y Materiales de la Competencia para verificar el cumplimiento de los criterios de elegibilidad establecidos en las Reglas. Los equipos que cumplan con todos los requisitos de elegibilidad ser\u00e1n asignados a jueces y pasar\u00e1n a la ronda de Semifinales. YABT se reserva, a su exclusivo criterio, el derecho de eliminar una Categor\u00eda o Categor\u00edas si los Equipos y Materiales de la Competencia en esa Categor\u00eda no alcanzan un nivel adecuado de calidad.\u00a0<\/span><\/p><p><strong>Ronda de Semifinales<\/strong><\/p><p><span style=\"font-weight: 400;\">Durante la ronda de Semifinales, los Materiales de la Competencia de cada Equipo ser\u00e1n evaluados y calificados por los Jueces de acuerdo con los Criterios de Evaluaci\u00f3n (ver \u201cCriterios de Evaluaci\u00f3n\u201d).\u00a0<\/span><\/p><p><span style=\"font-weight: 400;\">Cada Equipo recibir\u00e1 una calificaci\u00f3n, que se obtendr\u00e1 a partir de la suma de las puntuaciones individuales de los jueces. YABT tambi\u00e9n tendr\u00e1 en cuenta la representaci\u00f3n geogr\u00e1fica, sectorial, de g\u00e9nero, para asegurarse de que los Equipos con las calificaciones m\u00e1s altas est\u00e9n igualmente representados. Los cinco Equipos en cada Categor\u00eda con la calificaci\u00f3n m\u00e1s alta son considerados Finalistas (&#8220;Finalistas&#8221;) y avanzan a la Ronda de Finales; los Finalistas ser\u00e1n notificados en la direcci\u00f3n de correo electr\u00f3nico proporcionada en el momento de la inscripci\u00f3n. El listado de Finalistas tambi\u00e9n se publicar\u00e1 en el Sitio web.<\/span><\/p><p><span style=\"font-weight: 400;\">Antes de la Ronda de Finales, los Finalistas tienen la oportunidad de revisar, actualizar y volver a enviar los Materiales de la Competencia.<\/span><\/p><p><strong>Ronda de Finales<\/strong><\/p><p><span style=\"font-weight: 400;\">La Ronda de Finales se llevar\u00e1 a cabo en l\u00ednea. YABT establecer\u00e1 un panel de cinco jueces (&#8220;Panel de Jueces&#8221;) para cada Categor\u00eda. Cada uno de los finalistas realizar\u00e1 una presentaci\u00f3n oral ante el Panel de Jueces asignado a su Categor\u00eda.<\/span><\/p><p><span style=\"font-weight: 400;\">Cada Panel de Jueces evaluar\u00e1 y calificar\u00e1 de manera independiente a los Finalistas en su Categor\u00eda asignada de acuerdo con los Criterios de Evaluaci\u00f3n (ver &#8220;Criterios de Evaluaci\u00f3n&#8221;). Todos los Finalistas recibir\u00e1n retroalimentaci\u00f3n y recomendaciones por escrito de los Jueces que evaluaron sus Materiales de Competencia.<\/span><\/p><p><span style=\"font-weight: 400;\">Las decisiones de los Paneles de Jueces ser\u00e1n definitivas y no estar\u00e1n sujetas a apelaci\u00f3n. YABT se reserva el derecho de resolver cualquier discrepancia en las Reglas, T\u00e9rminos y Condiciones a su exclusivo criterio y comunicar la determinaci\u00f3n a los Paneles de Jueces para su solicitud.\u00a0<\/span><\/p><p><strong>Selecci\u00f3n y Premiaci\u00f3n de los Ganadores<\/strong><\/p><p><span style=\"font-weight: 400;\">YABT establecer\u00e1n un &#8220;Comit\u00e9 de Evaluaci\u00f3n de las Finales&#8221; para seleccionar al Ganador de la Competencia para cada categor\u00eda. La decisi\u00f3n final alcanzada por el Comit\u00e9 es definitiva.<\/span><\/p><p><span style=\"font-weight: 400;\">El mejor equipo de cada Categor\u00eda (&#8220;Ganadores&#8221;) recibir\u00e1 un paquete de premios (&#8220;Premio&#8221;) valorado en 10,000 d\u00f3lares estadounidenses cada uno, que incluye:<\/span><\/p><ul><li style=\"font-weight: 400;\" aria-level=\"1\"><span style=\"font-weight: 400;\">Un premio en efectivo de 5,000 d\u00f3lares estadounidenses para ser utilizado como capital semilla y destinados al desarrollo\/crecimiento del negocio.<\/span><\/li><li style=\"font-weight: 400;\" aria-level=\"1\"><span style=\"font-weight: 400;\">Tres (3) meses de apoyo\u00a0 de capacitaci\u00f3n empresarial de seguimiento.<\/span><\/li><li style=\"font-weight: 400;\" aria-level=\"1\"><span style=\"font-weight: 400;\">Oportunidades promocionales en eventos de alto nivel, como las Asambleas Generales de la OEA, las Cumbres de las Am\u00e9ricas y otros espacios similares.<\/span><\/li><\/ul><p><span style=\"font-weight: 400;\">El Organizador y el Co-organizador pueden anunciar premios adicionales o reconocimientos especiales a su exclusivo criterio.\u00a0<\/span><\/p>\t\t\t\t\t\t\t\t<\/div>\n\t\t\t\t<\/div>\n\t\t\t\t\t<\/div>\n\t\t<\/div>\n\t\t\t\t\t<\/div>\n\t\t<\/section>\n\t\t\t\t<section class=\"elementor-section elementor-top-section elementor-element elementor-element-33e7cad elementor-section-boxed elementor-section-height-default elementor-section-height-default\" data-id=\"33e7cad\" data-element_type=\"section\" data-e-type=\"section\">\n\t\t\t\t\t\t<div class=\"elementor-container elementor-column-gap-default\">\n\t\t\t\t\t<div class=\"elementor-column elementor-col-100 elementor-top-column elementor-element elementor-element-e2a9ec6\" data-id=\"e2a9ec6\" data-element_type=\"column\" data-e-type=\"column\">\n\t\t\t<div class=\"elementor-widget-wrap elementor-element-populated\">\n\t\t\t\t\t\t<div class=\"elementor-element elementor-element-2da75ed elementor-widget-divider--view-line elementor-widget elementor-widget-divider\" data-id=\"2da75ed\" data-element_type=\"widget\" data-e-type=\"widget\" data-widget_type=\"divider.default\">\n\t\t\t\t<div class=\"elementor-widget-container\">\n\t\t\t\t\t\t\t<div class=\"elementor-divider\">\n\t\t\t<span class=\"elementor-divider-separator\">\n\t\t\t\t\t\t<\/span>\n\t\t<\/div>\n\t\t\t\t\t\t<\/div>\n\t\t\t\t<\/div>\n\t\t\t\t\t<\/div>\n\t\t<\/div>\n\t\t\t\t\t<\/div>\n\t\t<\/section>\n\t\t\t\t<\/div>\n\t\t","protected":false},"excerpt":{"rendered":"<p>El Bio Plastics Challenge se llevar\u00e1 a cabo en tres rondas de competencia: Elegibilidad, Semifinales y Finales. Ronda de Elegibilidad Durante la Ronda de Elegibilidad, los organizadores revisar\u00e1n los Perfiles de Equipos y Materiales de la Competencia para verificar el cumplimiento de los criterios de elegibilidad establecidos en las Reglas. Los equipos que cumplan con [&hellip;]<\/p>\n","protected":false},"author":1,"featured_media":0,"parent":466,"menu_order":0,"comment_status":"closed","ping_status":"closed","template":"","meta":{"footnotes":""},"class_list":["post-522","page","type-page","status-publish","hentry"],"_links":{"self":[{"href":"https:\/\/ticamericas.net\/bioplastics\/wp-json\/wp\/v2\/pages\/522","targetHints":{"allow":["GET"]}}],"collection":[{"href":"https:\/\/ticamericas.net\/bioplastics\/wp-json\/wp\/v2\/pages"}],"about":[{"href":"https:\/\/ticamericas.net\/bioplastics\/wp-json\/wp\/v2\/types\/page"}],"author":[{"embeddable":true,"href":"https:\/\/ticamericas.net\/bioplastics\/wp-json\/wp\/v2\/users\/1"}],"replies":[{"embeddable":true,"href":"https:\/\/ticamericas.net\/bioplastics\/wp-json\/wp\/v2\/comments?post=522"}],"version-history":[{"count":10,"href":"https:\/\/ticamericas.net\/bioplastics\/wp-json\/wp\/v2\/pages\/522\/revisions"}],"predecessor-version":[{"id":684,"href":"https:\/\/ticamericas.net\/bioplastics\/wp-json\/wp\/v2\/pages\/522\/revisions\/684"}],"up":[{"embeddable":true,"href":"https:\/\/ticamericas.net\/bioplastics\/wp-json\/wp\/v2\/pages\/466"}],"wp:attachment":[{"href":"https:\/\/ticamericas.net\/bioplastics\/wp-json\/wp\/v2\/media?parent=522"}],"curies":[{"name":"wp","href":"https:\/\/api.w.org\/{rel}","templated":true}]}}