{"id":520,"date":"2025-06-01T06:23:09","date_gmt":"2025-06-01T06:23:09","guid":{"rendered":"https:\/\/ticamericas.net\/bioplastics\/?page_id=520"},"modified":"2025-06-01T07:18:55","modified_gmt":"2025-06-01T07:18:55","slug":"criterios-de-evaluacion","status":"publish","type":"page","link":"https:\/\/ticamericas.net\/bioplastics\/es\/reglas\/criterios-de-evaluacion\/","title":{"rendered":"Criterios de Evaluaci\u00f3n"},"content":{"rendered":"\t\t<div data-elementor-type=\"wp-page\" data-elementor-id=\"520\" class=\"elementor elementor-520\">\n\t\t\t\t\t\t<section class=\"elementor-section elementor-top-section elementor-element elementor-element-1a1d08a elementor-section-boxed elementor-section-height-default elementor-section-height-default\" data-id=\"1a1d08a\" data-element_type=\"section\" data-e-type=\"section\">\n\t\t\t\t\t\t<div class=\"elementor-container elementor-column-gap-default\">\n\t\t\t\t\t<div class=\"elementor-column elementor-col-100 elementor-top-column elementor-element elementor-element-6d843bb\" data-id=\"6d843bb\" data-element_type=\"column\" data-e-type=\"column\">\n\t\t\t<div class=\"elementor-widget-wrap elementor-element-populated\">\n\t\t\t\t\t\t<div class=\"elementor-element elementor-element-2d03cc1 elementor-widget elementor-widget-text-editor\" data-id=\"2d03cc1\" data-element_type=\"widget\" data-e-type=\"widget\" data-widget_type=\"text-editor.default\">\n\t\t\t\t<div class=\"elementor-widget-container\">\n\t\t\t\t\t\t\t\t\t<p><span style=\"font-weight: 400;\">Los jueces evaluar\u00e1n los Entregables\/Materiales de la Competencia, bas\u00e1ndose en elementos de puntuaci\u00f3n (\u00abElementos de Puntuaci\u00f3n\u00bb) que identifican componentes cr\u00edticos de un modelo de negocio exitoso. Cada Elemento de Puntuaci\u00f3n tiene criterios individuales (&#8220;Criterios de puntuaci\u00f3n&#8221;). Los jueces asignan puntos a cada Criterio de Puntuaci\u00f3n de acuerdo con la siguiente escala:\u00a0<\/span><\/p><table class=\"table\" border=\"1\"><tbody><tr><td><span style=\"font-weight: 400;\">0<\/span><\/td><td><span style=\"font-weight: 400;\">=\u00a0 No cumple los requisitos en absoluto o intenta hacerlo &#8211; Inaceptable.<\/span><\/td><\/tr><tr><td><span style=\"font-weight: 400;\">1<\/span><\/td><td><span style=\"font-weight: 400;\">=\u00a0 Cumple algunos criterios pero es inaceptable &#8211; Muy deficiente.<\/span><\/td><\/tr><tr><td><span style=\"font-weight: 400;\">2<\/span><\/td><td><span style=\"font-weight: 400;\">=\u00a0 Cumple los criterios de forma m\u00ednima &#8211; Insuficiente.<\/span><\/td><\/tr><tr><td><span style=\"font-weight: 400;\">3<\/span><\/td><td><span style=\"font-weight: 400;\">=\u00a0 Cumple con los criterios pero no los supera &#8211; Adecuado.<\/span><\/td><\/tr><tr><td><span style=\"font-weight: 400;\">4<\/span><\/td><td><span style=\"font-weight: 400;\">=\u00a0 Cumple con los criterios y los supera de manera sustancial &#8211; Bueno.<\/span><\/td><\/tr><tr><td><span style=\"font-weight: 400;\">5<\/span><\/td><td><span style=\"font-weight: 400;\">=\u00a0 Cumple con los criterios y demuestra excelencia y superioridad m\u00e1ximas &#8211; Excelente.<\/span><\/td><\/tr><\/tbody><\/table><p>\u00a0<\/p>\t\t\t\t\t\t\t\t<\/div>\n\t\t\t\t<\/div>\n\t\t\t\t<div class=\"elementor-element elementor-element-662dc82 elementor-widget elementor-widget-toggle\" data-id=\"662dc82\" data-element_type=\"widget\" data-e-type=\"widget\" data-widget_type=\"toggle.default\">\n\t\t\t\t<div class=\"elementor-widget-container\">\n\t\t\t\t\t\t\t<div class=\"elementor-toggle\">\n\t\t\t\t\t\t\t<div class=\"elementor-toggle-item\">\n\t\t\t\t\t<div id=\"elementor-tab-title-1071\" class=\"elementor-tab-title\" data-tab=\"1\" role=\"button\" aria-controls=\"elementor-tab-content-1071\" aria-expanded=\"false\">\n\t\t\t\t\t\t\t\t\t\t\t\t<span class=\"elementor-toggle-icon elementor-toggle-icon-left\" aria-hidden=\"true\">\n\t\t\t\t\t\t\t\t\t\t\t\t\t\t\t<span class=\"elementor-toggle-icon-closed\"><i class=\"fas fa-caret-right\"><\/i><\/span>\n\t\t\t\t\t\t\t\t<span class=\"elementor-toggle-icon-opened\"><i class=\"elementor-toggle-icon-opened fas fa-caret-up\"><\/i><\/span>\n\t\t\t\t\t\t\t\t\t\t\t\t\t<\/span>\n\t\t\t\t\t\t\t\t\t\t\t\t<a class=\"elementor-toggle-title\" tabindex=\"0\">Criterios de Evaluaci\u00f3n de las Semifinales<\/a>\n\t\t\t\t\t<\/div>\n\n\t\t\t\t\t<div id=\"elementor-tab-content-1071\" class=\"elementor-tab-content elementor-clearfix\" data-tab=\"1\" role=\"region\" aria-labelledby=\"elementor-tab-title-1071\"><span style=\"font-weight: 400;\">Los jueces evaluar\u00e1n los Materiales de la Competencia durante las Semifinales de acuerdo a los siguientes Elementos y Criterios de Puntuaci\u00f3n.<\/span>\n\n<table class=\"table\" border=\"1\">\n<tbody>\n<tr style=\"background-color: #ccc; color: black;\">\n<td><b>Elemento de Puntuaci\u00f3n<\/b><\/td>\n<td><b>Criterios de Puntuaci\u00f3n<\/b><\/td>\n<td><b>Peso<\/b><\/td>\n<\/tr>\n<tr>\n<td colspan=\"2\"><b>A) Plan de Negocios<\/b><\/td>\n<td><b>80%<\/b><\/td>\n<\/tr>\n<tr>\n<td><span style=\"font-weight: 400;\">Innovaci\u00f3n y Relevancia de la Categor\u00eda<\/span><\/td>\n<td>\n<ul>\n \t<li style=\"font-weight: 400;\" aria-level=\"1\"><span style=\"font-weight: 400;\">El plan de negocios aborda el enfoque principal y las prioridades del Bio Plastics Challenge.<\/span><\/li>\n \t<li style=\"font-weight: 400;\" aria-level=\"1\"><span style=\"font-weight: 400;\">El plan de negocios presenta una soluci\u00f3n o novedad creativa, realista y mensurable en la que centra su propuesta conceptual.<\/span><\/li>\n \t<li style=\"font-weight: 400;\" aria-level=\"1\"><span style=\"font-weight: 400;\">El plan de negocios explica claramente c\u00f3mo la soluci\u00f3n (o adaptaci\u00f3n de una soluci\u00f3n existente) es diferente y mejora los resultados o condiciones actuales.<\/span><\/li>\n \t<li style=\"font-weight: 400;\" aria-level=\"1\"><span style=\"font-weight: 400;\">Incorpora estrategias y una visi\u00f3n para mejorar la vida de los miembros de la comunidad donde se implementar\u00e1 u operar\u00e1 el negocio.<\/span><\/li>\n \t<li style=\"font-weight: 400;\" aria-level=\"1\"><span style=\"font-weight: 400;\">Utiliza tecnolog\u00eda de forma innovadora para resolver el problema planteado.<\/span><\/li>\n<\/ul>\n<\/td>\n<td><span style=\"font-weight: 400;\">25%<\/span><\/td>\n<\/tr>\n<tr>\n<td><span style=\"font-weight: 400;\">Viabilidad de Mercado\u00a0<\/span><\/td>\n<td>\n<ul>\n \t<li style=\"font-weight: 400;\" aria-level=\"1\"><span style=\"font-weight: 400;\">Presenta un an\u00e1lisis preliminar claro de la comunidad o el mercado donde operar\u00e1 la iniciativa.\u00a0<\/span><\/li>\n \t<li style=\"font-weight: 400;\" aria-level=\"1\"><span style=\"font-weight: 400;\">El estudio de mercado aborda necesidades espec\u00edficas, una oportunidad de mercado o demanda.\u00a0<\/span><\/li>\n \t<li style=\"font-weight: 400;\" aria-level=\"1\"><span style=\"font-weight: 400;\">El plan de negocios indica claramente c\u00f3mo se entregar\u00e1n y\/o ampliar\u00e1n sus beneficios\/caracter\u00edsticas seg\u00fan la demanda\/oportunidad\/necesidades.<\/span><\/li>\n \t<li style=\"font-weight: 400;\" aria-level=\"1\"><span style=\"font-weight: 400;\">Demuestra la viabilidad operativa, t\u00e9cnica y econ\u00f3mica de la implementaci\u00f3n.<\/span><\/li>\n \t<li style=\"font-weight: 400;\" aria-level=\"1\"><span style=\"font-weight: 400;\">Propone una estrategia s\u00f3lida para el crecimiento y expansi\u00f3n, con metas alcanzables y sostenibles.<\/span><\/li>\n<\/ul>\n<\/td>\n<td><span style=\"font-weight: 400;\">25%<\/span><\/td>\n<\/tr>\n<tr>\n<td><span style=\"font-weight: 400;\">Viabilidad de Gesti\u00f3n<\/span><\/td>\n<td>\n<ul>\n \t<li style=\"font-weight: 400;\" aria-level=\"1\"><span style=\"font-weight: 400;\">Proporciona una estructura organizativa adecuada: misi\u00f3n, visi\u00f3n, objetivos, distribuci\u00f3n de \u00e1reas, equipo con roles claros y diversidad entre los Miembros del Equipo, Mentores y voluntarios.<\/span><\/li>\n \t<li style=\"font-weight: 400;\" aria-level=\"1\"><span style=\"font-weight: 400;\">Demuestra capacidades y activos organizacionales: espacios f\u00edsicos o equipos desde donde operar, productos o servicios, patentes (si corresponde), prototipos (si corresponde).<\/span><\/li>\n \t<li style=\"font-weight: 400;\" aria-level=\"1\"><span style=\"font-weight: 400;\">Combina la tecnolog\u00eda con la gesti\u00f3n administrativa y los procesos operativos.<\/span><\/li>\n<\/ul>\n<\/td>\n<td><span style=\"font-weight: 400;\">15%<\/span><\/td>\n<\/tr>\n<tr>\n<td><span style=\"font-weight: 400;\">Viabilidad Financiera<\/span><\/td>\n<td>\n<ul>\n \t<li style=\"font-weight: 400;\" aria-level=\"1\"><span style=\"font-weight: 400;\">Indica claramente cu\u00e1nto capital\/inversi\u00f3n se necesita para lanzar\/operar anualmente y las fuentes de capital.\u00a0<\/span><\/li>\n \t<li style=\"font-weight: 400;\" aria-level=\"1\"><span style=\"font-weight: 400;\">Presenta un presupuesto operativo s\u00f3lido y claro.<\/span><\/li>\n \t<li style=\"font-weight: 400;\" aria-level=\"1\"><span style=\"font-weight: 400;\">Demuestra eficiencia en su estructura financiera y pron\u00f3stico.<\/span><\/li>\n<\/ul>\n<\/td>\n<td><span style=\"font-weight: 400;\">15%<\/span><\/td>\n<\/tr>\n<tr>\n<td colspan=\"2\"><b>B) Pitch de Negocios en un v\u00eddeo\u00a0<\/b><\/td>\n<td><b>10%<\/b><\/td>\n<\/tr>\n<tr>\n<td><b>\u00a0<\/b><\/td>\n<td>\n<ul>\n \t<li style=\"font-weight: 400;\" aria-level=\"1\"><span style=\"font-weight: 400;\">El equipo demuestra capacidad de transmitir el mensaje y persuadir al p\u00fablico, considerando las necesidades de capital, tomando en cuenta el mercado objetivo, la soluci\u00f3n, el equipo, entre otros.<\/span><\/li>\n \t<li style=\"font-weight: 400;\" aria-level=\"1\"><span style=\"font-weight: 400;\">El Pitch de Negocios demuestra conocimiento y habilidades efectivas para comunicar su estrategia y visi\u00f3n del negocio.<\/span><\/li>\n<\/ul>\n<\/td>\n<td><b>\u00a0<\/b><\/td>\n<\/tr>\n<tr>\n<td colspan=\"2\"><b>C) Presencia en L\u00ednea<\/b><\/td>\n<td><b>10%<\/b><\/td>\n<\/tr>\n<tr>\n<td><span style=\"font-weight: 400;\">\u00a0<\/span><\/td>\n<td>\n<ul>\n \t<li style=\"font-weight: 400;\" aria-level=\"1\"><span style=\"font-weight: 400;\">Refleja la identidad de la marca de manera coherente y profesional.<\/span><\/li>\n \t<li style=\"font-weight: 400;\" aria-level=\"1\"><span style=\"font-weight: 400;\">La plataforma seleccionada es adecuada para su p\u00fablico y tiene el potencial de alcanzar y atraer a nuevos seguidores o clientes.<\/span><\/li>\n<\/ul>\n<\/td>\n<td><span style=\"font-weight: 400;\">\u00a0<\/span><\/td>\n<\/tr>\n<tr style=\"background-color: #ccc; color: black;\">\n<td><b>Total<\/b><\/td>\n<td><b>\u00a0<\/b><\/td>\n<td><b> 100%<\/b><\/td>\n<\/tr>\n<\/tbody>\n<\/table>\n&nbsp;<\/div>\n\t\t\t\t<\/div>\n\t\t\t\t\t\t\t<div class=\"elementor-toggle-item\">\n\t\t\t\t\t<div id=\"elementor-tab-title-1072\" class=\"elementor-tab-title\" data-tab=\"2\" role=\"button\" aria-controls=\"elementor-tab-content-1072\" aria-expanded=\"false\">\n\t\t\t\t\t\t\t\t\t\t\t\t<span class=\"elementor-toggle-icon elementor-toggle-icon-left\" aria-hidden=\"true\">\n\t\t\t\t\t\t\t\t\t\t\t\t\t\t\t<span class=\"elementor-toggle-icon-closed\"><i class=\"fas fa-caret-right\"><\/i><\/span>\n\t\t\t\t\t\t\t\t<span class=\"elementor-toggle-icon-opened\"><i class=\"elementor-toggle-icon-opened fas fa-caret-up\"><\/i><\/span>\n\t\t\t\t\t\t\t\t\t\t\t\t\t<\/span>\n\t\t\t\t\t\t\t\t\t\t\t\t<a class=\"elementor-toggle-title\" tabindex=\"0\">Criterios de Evaluaci\u00f3n de las Finales<\/a>\n\t\t\t\t\t<\/div>\n\n\t\t\t\t\t<div id=\"elementor-tab-content-1072\" class=\"elementor-tab-content elementor-clearfix\" data-tab=\"2\" role=\"region\" aria-labelledby=\"elementor-tab-title-1072\"><p><span style=\"font-weight: 400;\">Los jueces evaluar\u00e1n a los Equipos y los Materiales de la Competencia durante las Finales de acuerdo a los siguientes Elementos y Criterios de Puntuaci\u00f3n.<\/span><\/p><table class=\"table\" border=\"1\"><tbody><tr style=\"background-color: #ccc; color: black;\"><td><b>Elemento de Puntuaci\u00f3n<\/b><\/td><td><b>Criterios de Puntuaci\u00f3n<\/b><\/td><td><b>Peso<\/b><\/td><\/tr><tr><td colspan=\"2\"><b>A) Viabilidad de negocio<\/b><\/td><td><b>65%<\/b><\/td><\/tr><tr><td><span style=\"font-weight: 400;\">Plan de Negocio<\/span><\/td><td><ul><li style=\"font-weight: 400;\" aria-level=\"1\"><span style=\"font-weight: 400;\">La idea responde\/aborda adecuadamente el desaf\u00edo general y la categor\u00eda espec\u00edfica.<\/span><\/li><li style=\"font-weight: 400;\" aria-level=\"1\"><span style=\"font-weight: 400;\">El plan de negocios presenta de manera integral la idea y sus elementos.<\/span><\/li><li style=\"font-weight: 400;\" aria-level=\"1\"><span style=\"font-weight: 400;\">La soluci\u00f3n empresarial, la iniciativa o la idea es factible en condiciones reales de mercado.<\/span><\/li><li style=\"font-weight: 400;\" aria-level=\"1\"><span style=\"font-weight: 400;\">La soluci\u00f3n empresarial, la iniciativa o la idea mejora o transforma la vida de la comunidad donde operar\u00e1, y el equipo presenta evidencia de esto.<\/span><\/li><li style=\"font-weight: 400;\" aria-level=\"1\"><span style=\"font-weight: 400;\">El equipo emplea tecnolog\u00eda innovadora para maximizar la eficiencia y el alcance del proyecto.<\/span><\/li><\/ul><\/td><td><span style=\"font-weight: 400;\">25%<\/span><\/td><\/tr><tr><td><span style=\"font-weight: 400;\">Presentaci\u00f3n<\/span><\/td><td><ul><li style=\"font-weight: 400;\" aria-level=\"1\"><span style=\"font-weight: 400;\">Presenta el Plan de Negocios de manera efectiva y convincente.<\/span><\/li><li style=\"font-weight: 400;\" aria-level=\"1\"><span style=\"font-weight: 400;\">La presentaci\u00f3n demuestra claramente el trabajo en equipo y la cooperaci\u00f3n personal.<\/span><\/li><li style=\"font-weight: 400;\" aria-level=\"1\"><span style=\"font-weight: 400;\">La presentaci\u00f3n verbal del plan de negocios y las actividades es clara.<\/span><\/li><li style=\"font-weight: 400;\" aria-level=\"1\"><span style=\"font-weight: 400;\">La presentaci\u00f3n visual es clara, atractiva y utiliza elementos gr\u00e1ficos efectivos para exponer la idea de negocio y las actividades.<\/span><\/li><li style=\"font-weight: 400;\" aria-level=\"1\"><span style=\"font-weight: 400;\">El equipo proyecta confianza y profesionalidad, mostrando cohesi\u00f3n en la presentaci\u00f3n y conocimiento de la propuesta.<\/span><\/li><\/ul><\/td><td><span style=\"font-weight: 400;\">25%<\/span><\/td><\/tr><tr><td><span style=\"font-weight: 400;\">Presencia en L\u00ednea<\/span><\/td><td><ul><li style=\"font-weight: 400;\" aria-level=\"1\"><span style=\"font-weight: 400;\">La presencia en l\u00ednea (video, galer\u00eda de fotos, blog, sitio web, etc.) es efectiva al presentar las caracter\u00edsticas del producto o servicio.<\/span><\/li><li style=\"font-weight: 400;\" aria-level=\"1\"><span style=\"font-weight: 400;\">El contenido y dise\u00f1o son adecuados para el p\u00fablico objetivo.<\/span><\/li><li style=\"font-weight: 400;\" aria-level=\"1\"><span style=\"font-weight: 400;\">El portal (sitio web, blog, redes sociales) es visualmente atractivo, f\u00e1cil de navegar e interactivo, permitiendo un \u00edndice de participaci\u00f3n (engagement) por parte de la audiencia.<\/span><\/li><\/ul><\/td><td><span style=\"font-weight: 400;\">15%<\/span><\/td><\/tr><tr><td colspan=\"2\"><b>B) Estrategia Financiera e Inversiones<\/b><\/td><td><b>20%\u00a0<\/b><\/td><\/tr><tr><td><span style=\"font-weight: 400;\">\u00a0<\/span><\/td><td><ul><li style=\"font-weight: 400;\" aria-level=\"1\"><span style=\"font-weight: 400;\">Indica claramente la inversi\u00f3n de capital y las fuentes de capital.<\/span><\/li><li style=\"font-weight: 400;\" aria-level=\"1\"><span style=\"font-weight: 400;\">Explica de manera efectiva c\u00f3mo el capital semilla contribuir\u00eda a los esfuerzos del equipo para mejorar las soluciones ambientales en el Bio Plastics Challenge.<\/span><\/li><li style=\"font-weight: 400;\" aria-level=\"1\"><span style=\"font-weight: 400;\">Demuestra una oportunidad para que la industria\/comunidad internacional apoye el desarrollo de la soluci\u00f3n, iniciativa o idea a nivel local.<\/span><\/li><li style=\"font-weight: 400;\" aria-level=\"1\"><span style=\"font-weight: 400;\">Demuestra eficiencia en su estructura financiera y pron\u00f3stico.<\/span><\/li><\/ul><\/td><td><span style=\"font-weight: 400;\">\u00a0<\/span><\/td><\/tr><tr><td colspan=\"2\"><b>C) Transformaci\u00f3n y Escala<\/b><\/td><td><b>15%<\/b><\/td><\/tr><tr><td><span style=\"font-weight: 400;\">\u00a0<\/span><\/td><td><ul><li style=\"font-weight: 400;\" aria-level=\"1\"><span style=\"font-weight: 400;\">Demuestra involucramiento o beneficios para las comunidades de base, organizaciones y\/o grupos vulnerables.<\/span><\/li><li style=\"font-weight: 400;\" aria-level=\"1\"><span style=\"font-weight: 400;\">Desarrolla una estrategia de escalabilidad clara con el potencial de impactar a otras comunidades o regiones.<\/span><\/li><li style=\"font-weight: 400;\" aria-level=\"1\"><span style=\"font-weight: 400;\">Propone un plan de internacionalizaci\u00f3n de operaciones.<\/span><\/li><\/ul><\/td><td><span style=\"font-weight: 400;\">\u00a0<\/span><\/td><\/tr><tr style=\"background-color: #ccc; color: black;\"><td><b>Total\u00a0<\/b><\/td><td><b>\u00a0<\/b><\/td><td><b>100%<\/b><\/td><\/tr><\/tbody><\/table><p>\u00a0<\/p><\/div>\n\t\t\t\t<\/div>\n\t\t\t\t\t\t\t\t<\/div>\n\t\t\t\t\t\t<\/div>\n\t\t\t\t<\/div>\n\t\t\t\t\t<\/div>\n\t\t<\/div>\n\t\t\t\t\t<\/div>\n\t\t<\/section>\n\t\t\t\t<\/div>\n\t\t","protected":false},"excerpt":{"rendered":"<p>Los jueces evaluar\u00e1n los Entregables\/Materiales de la Competencia, bas\u00e1ndose en elementos de puntuaci\u00f3n (\u00abElementos de Puntuaci\u00f3n\u00bb) que identifican componentes cr\u00edticos de un modelo de negocio exitoso. Cada Elemento de Puntuaci\u00f3n tiene criterios individuales (&#8220;Criterios de puntuaci\u00f3n&#8221;). Los jueces asignan puntos a cada Criterio de Puntuaci\u00f3n de acuerdo con la siguiente escala:\u00a0 0 =\u00a0 No cumple [&hellip;]<\/p>\n","protected":false},"author":1,"featured_media":0,"parent":466,"menu_order":0,"comment_status":"closed","ping_status":"closed","template":"","meta":{"footnotes":""},"class_list":["post-520","page","type-page","status-publish","hentry"],"_links":{"self":[{"href":"https:\/\/ticamericas.net\/bioplastics\/wp-json\/wp\/v2\/pages\/520","targetHints":{"allow":["GET"]}}],"collection":[{"href":"https:\/\/ticamericas.net\/bioplastics\/wp-json\/wp\/v2\/pages"}],"about":[{"href":"https:\/\/ticamericas.net\/bioplastics\/wp-json\/wp\/v2\/types\/page"}],"author":[{"embeddable":true,"href":"https:\/\/ticamericas.net\/bioplastics\/wp-json\/wp\/v2\/users\/1"}],"replies":[{"embeddable":true,"href":"https:\/\/ticamericas.net\/bioplastics\/wp-json\/wp\/v2\/comments?post=520"}],"version-history":[{"count":7,"href":"https:\/\/ticamericas.net\/bioplastics\/wp-json\/wp\/v2\/pages\/520\/revisions"}],"predecessor-version":[{"id":591,"href":"https:\/\/ticamericas.net\/bioplastics\/wp-json\/wp\/v2\/pages\/520\/revisions\/591"}],"up":[{"embeddable":true,"href":"https:\/\/ticamericas.net\/bioplastics\/wp-json\/wp\/v2\/pages\/466"}],"wp:attachment":[{"href":"https:\/\/ticamericas.net\/bioplastics\/wp-json\/wp\/v2\/media?parent=520"}],"curies":[{"name":"wp","href":"https:\/\/api.w.org\/{rel}","templated":true}]}}