{"id":518,"date":"2025-06-01T06:22:49","date_gmt":"2025-06-01T06:22:49","guid":{"rendered":"https:\/\/ticamericas.net\/bioplastics\/?page_id=518"},"modified":"2025-06-01T07:04:53","modified_gmt":"2025-06-01T07:04:53","slug":"entregables","status":"publish","type":"page","link":"https:\/\/ticamericas.net\/bioplastics\/es\/reglas\/entregables\/","title":{"rendered":"Entregables"},"content":{"rendered":"\t\t<div data-elementor-type=\"wp-page\" data-elementor-id=\"518\" class=\"elementor elementor-518\">\n\t\t\t\t\t\t<section class=\"elementor-section elementor-top-section elementor-element elementor-element-c4d2bc0 elementor-section-boxed elementor-section-height-default elementor-section-height-default\" data-id=\"c4d2bc0\" data-element_type=\"section\" data-e-type=\"section\">\n\t\t\t\t\t\t<div class=\"elementor-container elementor-column-gap-default\">\n\t\t\t\t\t<div class=\"elementor-column elementor-col-100 elementor-top-column elementor-element elementor-element-109ba9f\" data-id=\"109ba9f\" data-element_type=\"column\" data-e-type=\"column\">\n\t\t\t<div class=\"elementor-widget-wrap elementor-element-populated\">\n\t\t\t\t\t\t<div class=\"elementor-element elementor-element-52702d6 elementor-widget elementor-widget-text-editor\" data-id=\"52702d6\" data-element_type=\"widget\" data-e-type=\"widget\" data-widget_type=\"text-editor.default\">\n\t\t\t\t<div class=\"elementor-widget-container\">\n\t\t\t\t\t\t\t\t\t<p><span style=\"font-weight: 400;\">Los entregables completos (&#8220;Entregables de la Competencia&#8221;), en espa\u00f1ol o ingl\u00e9s, ser\u00e1n enviados a m\u00e1s tardar el 15 de agosto de 2025, a trav\u00e9s de la plataforma tecnol\u00f3gica de la competencia. Los entregables obligatorios del Bio Plastics Challenge son los siguientes:<\/span><\/p><ol><li style=\"font-weight: 400;\" aria-level=\"1\"><b>Plan de Negocios<\/b><span style=\"font-weight: 400;\"> que responda a la Categor\u00eda registrada por el equipo y que siga los <\/span><a href=\"https:\/\/drive.google.com\/file\/d\/1CYAiI-c2hTFjCcEjvOR7GdPSz4DniQYH\/view?usp=sharing\"><span style=\"font-weight: 400;\">\u00a0<\/span><\/a><a href=\"https:\/\/drive.google.com\/file\/d\/1SWFxDC_SmeO_hVZUPiSHaoxTN41ZDyTL\/view?usp=drive_link\" target=\"_blank\" rel=\"noopener\"><span style=\"font-weight: 400;\">Lineamientos para el Plan de Negocios<\/span><\/a><span style=\"font-weight: 400;\">. Consulte la secci\u00f3n &#8216;Categor\u00edas&#8217; para obtener m\u00e1s detalles.<\/span><\/li><li style=\"font-weight: 400;\" aria-level=\"1\"><b>Pitch de Negocios <\/b><span style=\"font-weight: 400;\">en un v\u00eddeo de m\u00e1ximo 3 minutos, donde el equipo presente la propuesta de valor y soluci\u00f3n resaltando la prioridad a la cual responde.<\/span><\/li><li style=\"font-weight: 400;\" aria-level=\"1\"><b>Presencia en L\u00ednea<\/b><span style=\"font-weight: 400;\">, como un sitio web, blog, p\u00e1gina de Facebook, cuenta de Instagram, canal de YouTube o similar.<\/span><\/li><\/ol>\t\t\t\t\t\t\t\t<\/div>\n\t\t\t\t<\/div>\n\t\t\t\t\t<\/div>\n\t\t<\/div>\n\t\t\t\t\t<\/div>\n\t\t<\/section>\n\t\t\t\t<\/div>\n\t\t","protected":false},"excerpt":{"rendered":"<p>Los entregables completos (&#8220;Entregables de la Competencia&#8221;), en espa\u00f1ol o ingl\u00e9s, ser\u00e1n enviados a m\u00e1s tardar el 15 de agosto de 2025, a trav\u00e9s de la plataforma tecnol\u00f3gica de la competencia. Los entregables obligatorios del Bio Plastics Challenge son los siguientes: Plan de Negocios que responda a la Categor\u00eda registrada por el equipo y que [&hellip;]<\/p>\n","protected":false},"author":1,"featured_media":0,"parent":466,"menu_order":0,"comment_status":"closed","ping_status":"closed","template":"","meta":{"footnotes":""},"class_list":["post-518","page","type-page","status-publish","hentry"],"_links":{"self":[{"href":"https:\/\/ticamericas.net\/bioplastics\/wp-json\/wp\/v2\/pages\/518","targetHints":{"allow":["GET"]}}],"collection":[{"href":"https:\/\/ticamericas.net\/bioplastics\/wp-json\/wp\/v2\/pages"}],"about":[{"href":"https:\/\/ticamericas.net\/bioplastics\/wp-json\/wp\/v2\/types\/page"}],"author":[{"embeddable":true,"href":"https:\/\/ticamericas.net\/bioplastics\/wp-json\/wp\/v2\/users\/1"}],"replies":[{"embeddable":true,"href":"https:\/\/ticamericas.net\/bioplastics\/wp-json\/wp\/v2\/comments?post=518"}],"version-history":[{"count":4,"href":"https:\/\/ticamericas.net\/bioplastics\/wp-json\/wp\/v2\/pages\/518\/revisions"}],"predecessor-version":[{"id":564,"href":"https:\/\/ticamericas.net\/bioplastics\/wp-json\/wp\/v2\/pages\/518\/revisions\/564"}],"up":[{"embeddable":true,"href":"https:\/\/ticamericas.net\/bioplastics\/wp-json\/wp\/v2\/pages\/466"}],"wp:attachment":[{"href":"https:\/\/ticamericas.net\/bioplastics\/wp-json\/wp\/v2\/media?parent=518"}],"curies":[{"name":"wp","href":"https:\/\/api.w.org\/{rel}","templated":true}]}}