{"id":516,"date":"2025-06-01T06:22:30","date_gmt":"2025-06-01T06:22:30","guid":{"rendered":"https:\/\/ticamericas.net\/bioplastics\/?page_id=516"},"modified":"2025-06-01T06:37:38","modified_gmt":"2025-06-01T06:37:38","slug":"criterios-de-elegibilidad","status":"publish","type":"page","link":"https:\/\/ticamericas.net\/bioplastics\/es\/reglas\/criterios-de-elegibilidad\/","title":{"rendered":"Criterios de Elegibilidad"},"content":{"rendered":"\t\t<div data-elementor-type=\"wp-page\" data-elementor-id=\"516\" class=\"elementor elementor-516\">\n\t\t\t\t\t\t<section class=\"elementor-section elementor-top-section elementor-element elementor-element-3c7c953 elementor-section-boxed elementor-section-height-default elementor-section-height-default\" data-id=\"3c7c953\" data-element_type=\"section\" data-e-type=\"section\">\n\t\t\t\t\t\t<div class=\"elementor-container elementor-column-gap-default\">\n\t\t\t\t\t<div class=\"elementor-column elementor-col-100 elementor-top-column elementor-element elementor-element-78c3fe7\" data-id=\"78c3fe7\" data-element_type=\"column\" data-e-type=\"column\">\n\t\t\t<div class=\"elementor-widget-wrap elementor-element-populated\">\n\t\t\t\t\t\t<div class=\"elementor-element elementor-element-92eda95 elementor-widget elementor-widget-text-editor\" data-id=\"92eda95\" data-element_type=\"widget\" data-e-type=\"widget\" data-widget_type=\"text-editor.default\">\n\t\t\t\t<div class=\"elementor-widget-container\">\n\t\t\t\t\t\t\t\t\t<p><span style=\"font-weight: 400;\">Para competir y ser elegibles para ganar en el Bio Plastics Challenge, una categor\u00eda especial de TIC Americas 2025, los equipos competidores (\u00abEquipos\u00bb) deben cumplir con los siguientes criterios:<\/span><\/p><ol><li style=\"font-weight: 400;\" aria-level=\"1\"><span style=\"font-weight: 400;\">Estar compuestos por un m\u00ednimo de una (1) persona y un m\u00e1ximo de diez (10) personas en la edad comprendida de 18 y 34 a\u00f1os, con experiencia en diferentes \u00e1reas de su emprendimiento.<\/span><\/li><li style=\"font-weight: 400;\" aria-level=\"1\"><span style=\"font-weight: 400;\">Los participantes deben ser ciudadanos o residentes legales de un <\/span><a href=\"https:\/\/www.oas.org\/es\/estados_miembros\/default.asp\" target=\"_blank\" rel=\"noopener\"><span style=\"font-weight: 400;\">Estado Miembro de la OEA<\/span><\/a><span style=\"font-weight: 400;\">. Los Equipos internacionales, es decir, compuestos por personas de m\u00e1s de un pa\u00eds, pueden competir. Ser\u00e1n registrados con el pa\u00eds de la nacionalidad o pa\u00eds de residencia permanente del Director(a) Ejecutivo(a).<\/span><\/li><li style=\"font-weight: 400;\" aria-level=\"1\"><span style=\"font-weight: 400;\">Operar o planificar operar un negocio en un <\/span><a href=\"https:\/\/www.oas.org\/es\/estados_miembros\/default.asp\" target=\"_blank\" rel=\"noopener\"><span style=\"font-weight: 400;\">Estado Miembro de la OEA<\/span><\/a><span style=\"font-weight: 400;\"> y ser capaces de registrar formalmente el negocio en ese pa\u00eds.<\/span><\/li><li style=\"font-weight: 400;\" aria-level=\"1\"><span style=\"font-weight: 400;\">Cada equipo puede registrar hasta dos (2) Mentores Voluntarios responsables de orientar al equipo a trav\u00e9s de su experiencia (opcional). (Ver &#8220;Mentores&#8221;).<\/span><\/li><\/ol><p><span style=\"font-weight: 400;\">Las siguientes personas no son elegibles para registrarse ni competir en el Bio Plastics Challenge:<\/span><\/p><ul><li><span style=\"font-weight: 400;\"> \u00a0 \u00a0 <\/span><span style=\"font-weight: 400;\">Personal del YABT, miembros de su Junta Directiva y cap\u00edtulos nacionales.<\/span><\/li><li><span style=\"font-weight: 400;\"> \u00a0 \u00a0 <\/span><span style=\"font-weight: 400;\">Jueces del Programa TIC Americas.<\/span><\/li><li><span style=\"font-weight: 400;\"> \u00a0 \u00a0 <\/span><span style=\"font-weight: 400;\">Personal de la Secretar\u00eda General de la Organizaci\u00f3n de los Estados Americanos.<\/span><\/li><li><span style=\"font-weight: 400;\">Familiares directos o miembros del hogar de cualquiera de las personas mencionadas anteriormente.\u00a0<\/span><\/li><\/ul>\t\t\t\t\t\t\t\t<\/div>\n\t\t\t\t<\/div>\n\t\t\t\t\t<\/div>\n\t\t<\/div>\n\t\t\t\t\t<\/div>\n\t\t<\/section>\n\t\t\t\t<\/div>\n\t\t","protected":false},"excerpt":{"rendered":"<p>Para competir y ser elegibles para ganar en el Bio Plastics Challenge, una categor\u00eda especial de TIC Americas 2025, los equipos competidores (\u00abEquipos\u00bb) deben cumplir con los siguientes criterios: Estar compuestos por un m\u00ednimo de una (1) persona y un m\u00e1ximo de diez (10) personas en la edad comprendida de 18 y 34 a\u00f1os, con [&hellip;]<\/p>\n","protected":false},"author":1,"featured_media":0,"parent":466,"menu_order":0,"comment_status":"closed","ping_status":"closed","template":"","meta":{"footnotes":""},"class_list":["post-516","page","type-page","status-publish","hentry"],"_links":{"self":[{"href":"https:\/\/ticamericas.net\/bioplastics\/wp-json\/wp\/v2\/pages\/516","targetHints":{"allow":["GET"]}}],"collection":[{"href":"https:\/\/ticamericas.net\/bioplastics\/wp-json\/wp\/v2\/pages"}],"about":[{"href":"https:\/\/ticamericas.net\/bioplastics\/wp-json\/wp\/v2\/types\/page"}],"author":[{"embeddable":true,"href":"https:\/\/ticamericas.net\/bioplastics\/wp-json\/wp\/v2\/users\/1"}],"replies":[{"embeddable":true,"href":"https:\/\/ticamericas.net\/bioplastics\/wp-json\/wp\/v2\/comments?post=516"}],"version-history":[{"count":4,"href":"https:\/\/ticamericas.net\/bioplastics\/wp-json\/wp\/v2\/pages\/516\/revisions"}],"predecessor-version":[{"id":561,"href":"https:\/\/ticamericas.net\/bioplastics\/wp-json\/wp\/v2\/pages\/516\/revisions\/561"}],"up":[{"embeddable":true,"href":"https:\/\/ticamericas.net\/bioplastics\/wp-json\/wp\/v2\/pages\/466"}],"wp:attachment":[{"href":"https:\/\/ticamericas.net\/bioplastics\/wp-json\/wp\/v2\/media?parent=516"}],"curies":[{"name":"wp","href":"https:\/\/api.w.org\/{rel}","templated":true}]}}