{"id":514,"date":"2025-06-01T06:21:53","date_gmt":"2025-06-01T06:21:53","guid":{"rendered":"https:\/\/ticamericas.net\/bioplastics\/?page_id=514"},"modified":"2025-06-01T06:35:26","modified_gmt":"2025-06-01T06:35:26","slug":"categorias","status":"publish","type":"page","link":"https:\/\/ticamericas.net\/bioplastics\/es\/reglas\/categorias\/","title":{"rendered":"Categor\u00edas"},"content":{"rendered":"\t\t<div data-elementor-type=\"wp-page\" data-elementor-id=\"514\" class=\"elementor elementor-514\">\n\t\t\t\t\t\t<section class=\"elementor-section elementor-top-section elementor-element elementor-element-771a7da elementor-section-boxed elementor-section-height-default elementor-section-height-default\" data-id=\"771a7da\" data-element_type=\"section\" data-e-type=\"section\">\n\t\t\t\t\t\t<div class=\"elementor-container elementor-column-gap-default\">\n\t\t\t\t\t<div class=\"elementor-column elementor-col-100 elementor-top-column elementor-element elementor-element-40db144\" data-id=\"40db144\" data-element_type=\"column\" data-e-type=\"column\">\n\t\t\t<div class=\"elementor-widget-wrap elementor-element-populated\">\n\t\t\t\t\t\t<div class=\"elementor-element elementor-element-455c0e8 elementor-widget elementor-widget-text-editor\" data-id=\"455c0e8\" data-element_type=\"widget\" data-e-type=\"widget\" data-widget_type=\"text-editor.default\">\n\t\t\t\t<div class=\"elementor-widget-container\">\n\t\t\t\t\t\t\t\t\t<p><b>Desarrollo<\/b><\/p><p style=\"text-align: left; padding-left: 40px;\"><span style=\"font-weight: 400;\">Apoya los esfuerzos de investigaci\u00f3n y desarrollo (I+D) enfocados en la creaci\u00f3n de nuevas materias primas, tecnolog\u00edas y procesos para la producci\u00f3n de biopl\u00e1sticos. Incluye innovaciones en materias primas de base biol\u00f3gica (por ejemplo, sargazo), ingenier\u00eda de biopol\u00edmeros y sistemas de producci\u00f3n escalables.<\/span><\/p><p><b>Comercializaci\u00f3n<\/b><\/p><p style=\"padding-left: 40px;\"><span style=\"font-weight: 400;\">Se enfoca en transformar la innovaci\u00f3n cient\u00edfica en soluciones viables listas para el mercado. Incluye el desarrollo de modelos de negocio, estrategias de lanzamiento al mercado y gesti\u00f3n de la propiedad intelectual (PI), como patentes, licencias y navegaci\u00f3n normativa.<\/span><\/p><p><b>Uso y Adopci\u00f3n<\/b><\/p><p style=\"padding-left: 40px;\"><span style=\"font-weight: 400;\">Promueve formas innovadoras de crear conciencia y fomentar la adopci\u00f3n de biopl\u00e1sticos.\u00a0 Incluye soluciones como herramientas educativas, dise\u00f1o de productos sostenibles y proyectos piloto comunitarios que ponen de relieve los beneficios medioambientales y sociales del cambio a alternativas de base biol\u00f3gica.<\/span><\/p>\t\t\t\t\t\t\t\t<\/div>\n\t\t\t\t<\/div>\n\t\t\t\t\t<\/div>\n\t\t<\/div>\n\t\t\t\t\t<\/div>\n\t\t<\/section>\n\t\t\t\t<\/div>\n\t\t","protected":false},"excerpt":{"rendered":"<p>Desarrollo Apoya los esfuerzos de investigaci\u00f3n y desarrollo (I+D) enfocados en la creaci\u00f3n de nuevas materias primas, tecnolog\u00edas y procesos para la producci\u00f3n de biopl\u00e1sticos. Incluye innovaciones en materias primas de base biol\u00f3gica (por ejemplo, sargazo), ingenier\u00eda de biopol\u00edmeros y sistemas de producci\u00f3n escalables. Comercializaci\u00f3n Se enfoca en transformar la innovaci\u00f3n cient\u00edfica en soluciones viables [&hellip;]<\/p>\n","protected":false},"author":1,"featured_media":0,"parent":466,"menu_order":0,"comment_status":"closed","ping_status":"closed","template":"","meta":{"footnotes":""},"class_list":["post-514","page","type-page","status-publish","hentry"],"_links":{"self":[{"href":"https:\/\/ticamericas.net\/bioplastics\/wp-json\/wp\/v2\/pages\/514","targetHints":{"allow":["GET"]}}],"collection":[{"href":"https:\/\/ticamericas.net\/bioplastics\/wp-json\/wp\/v2\/pages"}],"about":[{"href":"https:\/\/ticamericas.net\/bioplastics\/wp-json\/wp\/v2\/types\/page"}],"author":[{"embeddable":true,"href":"https:\/\/ticamericas.net\/bioplastics\/wp-json\/wp\/v2\/users\/1"}],"replies":[{"embeddable":true,"href":"https:\/\/ticamericas.net\/bioplastics\/wp-json\/wp\/v2\/comments?post=514"}],"version-history":[{"count":4,"href":"https:\/\/ticamericas.net\/bioplastics\/wp-json\/wp\/v2\/pages\/514\/revisions"}],"predecessor-version":[{"id":558,"href":"https:\/\/ticamericas.net\/bioplastics\/wp-json\/wp\/v2\/pages\/514\/revisions\/558"}],"up":[{"embeddable":true,"href":"https:\/\/ticamericas.net\/bioplastics\/wp-json\/wp\/v2\/pages\/466"}],"wp:attachment":[{"href":"https:\/\/ticamericas.net\/bioplastics\/wp-json\/wp\/v2\/media?parent=514"}],"curies":[{"name":"wp","href":"https:\/\/api.w.org\/{rel}","templated":true}]}}