{"id":512,"date":"2025-06-01T06:21:28","date_gmt":"2025-06-01T06:21:28","guid":{"rendered":"https:\/\/ticamericas.net\/bioplastics\/?page_id=512"},"modified":"2025-10-22T15:53:48","modified_gmt":"2025-10-22T15:53:48","slug":"acerca-del-programa","status":"publish","type":"page","link":"https:\/\/ticamericas.net\/bioplastics\/es\/reglas\/acerca-del-programa\/","title":{"rendered":"Acerca del Programa"},"content":{"rendered":"\t\t<div data-elementor-type=\"wp-page\" data-elementor-id=\"512\" class=\"elementor elementor-512\">\n\t\t\t\t\t\t<section class=\"elementor-section elementor-top-section elementor-element elementor-element-02a701f elementor-section-boxed elementor-section-height-default elementor-section-height-default\" data-id=\"02a701f\" data-element_type=\"section\" data-e-type=\"section\">\n\t\t\t\t\t\t<div class=\"elementor-container elementor-column-gap-default\">\n\t\t\t\t\t<div class=\"elementor-column elementor-col-100 elementor-top-column elementor-element elementor-element-90af6a7\" data-id=\"90af6a7\" data-element_type=\"column\" data-e-type=\"column\">\n\t\t\t<div class=\"elementor-widget-wrap elementor-element-populated\">\n\t\t\t\t\t\t<div class=\"elementor-element elementor-element-e8c539a elementor-widget elementor-widget-text-editor\" data-id=\"e8c539a\" data-element_type=\"widget\" data-e-type=\"widget\" data-widget_type=\"text-editor.default\">\n\t\t\t\t<div class=\"elementor-widget-container\">\n\t\t\t\t\t\t\t\t\t<p><span style=\"font-weight: 400;\">Las <\/span><b>Competencias Talento e Innovaci\u00f3n de las Am\u00e9ricas (TIC Americas)<\/b><span style=\"font-weight: 400;\">, son organizadas por el Young Americas Business Trust (YABT) desde 2007. Este programa se ha consolidado como una plataforma global de apoyo empresarial y acelerador para j\u00f3venes emprendedores de 18 a 34 a\u00f1os, ciudadanos de los Estados miembros de la Organizaci\u00f3n de los Estados Americanos (OEA). TIC Americas brinda orientaci\u00f3n, capacitaci\u00f3n, mentor\u00eda, capital semilla e inversi\u00f3n, as\u00ed como acceso a una red de contactos internacionales.\u00a0 Este programa est\u00e1 dise\u00f1ado para apoyar a los emprendedores en su camino de crecimiento, independientemente del negocio, modelo o soluci\u00f3n.<\/span><\/p><p><b>Bio Plastics Challenge<\/b><span style=\"font-weight: 400;\"> es una categor\u00eda especial de TIC Americas, organizada por el Young Americas Business Trust (YABT), espec\u00edficamente, el componente de Emprendimiento para la Acci\u00f3n rumbo al VII Foro de J\u00f3venes de las Am\u00e9ricas, proceso oficial de participaci\u00f3n de la juventud en la X Cumbre de las Am\u00e9ricas.\u00a0<\/span><\/p><p><b>Bio Plastics Challenge<\/b><span style=\"font-weight: 400;\"> invita a j\u00f3venes cient\u00edficos, emprendedores e innovadores a proponer soluciones que promuevan el desarrollo, comercializaci\u00f3n y adopci\u00f3n de biopl\u00e1sticos.<\/span><\/p><p><span style=\"font-weight: 400;\">Adem\u00e1s, a trav\u00e9s del <\/span><a href=\"https:\/\/yabt.net\/bootcamp\/\" target=\"_blank\" rel=\"noopener\"><b>Business Opportunity Online Training Camp (BOOTCamp)<\/b><\/a><span style=\"font-weight: 400;\">, un centro de recursos y formaci\u00f3n en l\u00ednea desarrollada por YABT, los j\u00f3venes emprendedores pueden interactuar con expertos de la industria en el desarrollo de estrategias y obtenci\u00f3n de herramientas para desarrollar soluciones empresariales. De esta manera, el programa brinda apoyo continuo proporcionando formaci\u00f3n, mentor\u00eda y oportunidades de visibilidad, ayudando a los j\u00f3venes emprendedores a establecer, operar y escalar sus iniciativas.<\/span><\/p>\t\t\t\t\t\t\t\t<\/div>\n\t\t\t\t<\/div>\n\t\t\t\t\t<\/div>\n\t\t<\/div>\n\t\t\t\t\t<\/div>\n\t\t<\/section>\n\t\t\t\t<\/div>\n\t\t","protected":false},"excerpt":{"rendered":"<p>Las Competencias Talento e Innovaci\u00f3n de las Am\u00e9ricas (TIC Americas), son organizadas por el Young Americas Business Trust (YABT) desde 2007. Este programa se ha consolidado como una plataforma global de apoyo empresarial y acelerador para j\u00f3venes emprendedores de 18 a 34 a\u00f1os, ciudadanos de los Estados miembros de la Organizaci\u00f3n de los Estados Americanos [&hellip;]<\/p>\n","protected":false},"author":1,"featured_media":0,"parent":466,"menu_order":0,"comment_status":"closed","ping_status":"closed","template":"","meta":{"footnotes":""},"class_list":["post-512","page","type-page","status-publish","hentry"],"_links":{"self":[{"href":"https:\/\/ticamericas.net\/bioplastics\/wp-json\/wp\/v2\/pages\/512","targetHints":{"allow":["GET"]}}],"collection":[{"href":"https:\/\/ticamericas.net\/bioplastics\/wp-json\/wp\/v2\/pages"}],"about":[{"href":"https:\/\/ticamericas.net\/bioplastics\/wp-json\/wp\/v2\/types\/page"}],"author":[{"embeddable":true,"href":"https:\/\/ticamericas.net\/bioplastics\/wp-json\/wp\/v2\/users\/1"}],"replies":[{"embeddable":true,"href":"https:\/\/ticamericas.net\/bioplastics\/wp-json\/wp\/v2\/comments?post=512"}],"version-history":[{"count":7,"href":"https:\/\/ticamericas.net\/bioplastics\/wp-json\/wp\/v2\/pages\/512\/revisions"}],"predecessor-version":[{"id":681,"href":"https:\/\/ticamericas.net\/bioplastics\/wp-json\/wp\/v2\/pages\/512\/revisions\/681"}],"up":[{"embeddable":true,"href":"https:\/\/ticamericas.net\/bioplastics\/wp-json\/wp\/v2\/pages\/466"}],"wp:attachment":[{"href":"https:\/\/ticamericas.net\/bioplastics\/wp-json\/wp\/v2\/media?parent=512"}],"curies":[{"name":"wp","href":"https:\/\/api.w.org\/{rel}","templated":true}]}}