{"id":464,"date":"2025-06-01T05:33:58","date_gmt":"2025-06-01T05:33:58","guid":{"rendered":"https:\/\/ticamericas.net\/bioplastics\/?page_id=464"},"modified":"2025-10-22T15:50:31","modified_gmt":"2025-10-22T15:50:31","slug":"acerca","status":"publish","type":"page","link":"https:\/\/ticamericas.net\/bioplastics\/es\/acerca\/","title":{"rendered":"Acerca"},"content":{"rendered":"\t\t<div data-elementor-type=\"wp-page\" data-elementor-id=\"464\" class=\"elementor elementor-464\">\n\t\t\t\t\t\t<section class=\"elementor-section elementor-top-section elementor-element elementor-element-3998d64 elementor-section-boxed elementor-section-height-default elementor-section-height-default elementor-invisible\" data-id=\"3998d64\" data-element_type=\"section\" data-e-type=\"section\" data-settings=\"{&quot;animation&quot;:&quot;fadeInLeft&quot;}\">\n\t\t\t\t\t\t<div class=\"elementor-container elementor-column-gap-default\">\n\t\t\t\t\t<div class=\"elementor-column elementor-col-100 elementor-top-column elementor-element elementor-element-32048d4\" data-id=\"32048d4\" data-element_type=\"column\" data-e-type=\"column\">\n\t\t\t<div class=\"elementor-widget-wrap elementor-element-populated\">\n\t\t\t\t\t\t<div class=\"elementor-element elementor-element-2459625 elementor-widget__width-auto elementor-widget elementor-widget-image\" data-id=\"2459625\" data-element_type=\"widget\" data-e-type=\"widget\" data-widget_type=\"image.default\">\n\t\t\t\t<div class=\"elementor-widget-container\">\n\t\t\t\t\t\t\t\t\t\t\t\t\t\t\t<img decoding=\"async\" src=\"https:\/\/ticamericas.net\/bioplastics\/wp-content\/uploads\/sites\/13\/elementor\/thumbs\/BioPlastics_Mayo5_Icono-bombillo_500x500-r5gvp0smks4x5ae506d8z0ecdyjo61qpgamtysmw3k.png\" title=\"\" alt=\"\" loading=\"lazy\" \/>\t\t\t\t\t\t\t\t\t\t\t\t\t\t\t<\/div>\n\t\t\t\t<\/div>\n\t\t\t\t<div class=\"elementor-element elementor-element-3a4b5e5 elementor-widget__width-auto elementor-widget elementor-widget-heading\" data-id=\"3a4b5e5\" data-element_type=\"widget\" data-e-type=\"widget\" data-widget_type=\"heading.default\">\n\t\t\t\t<div class=\"elementor-widget-container\">\n\t\t\t\t\t<h2 class=\"elementor-heading-title elementor-size-default\">\u00bfQu\u00e9 es TIC Americas?<\/h2>\t\t\t\t<\/div>\n\t\t\t\t<\/div>\n\t\t\t\t<div class=\"elementor-element elementor-element-065e1e3 elementor-widget elementor-widget-text-editor\" data-id=\"065e1e3\" data-element_type=\"widget\" data-e-type=\"widget\" data-widget_type=\"text-editor.default\">\n\t\t\t\t<div class=\"elementor-widget-container\">\n\t\t\t\t\t\t\t\t\t<p><span style=\"font-weight: 400;\">Las Competencias Talento e Innovaci\u00f3n de las Am\u00e9ricas (TIC Americas), son un programa hemisf\u00e9rico desarrollado por el Young Americas Business Trust (YABT), con el apoyo de la Secretar\u00eda General de la Organizaci\u00f3n de los Estados Americanos (OEA), y en cooperaci\u00f3n con organizaciones p\u00fablicas\/privadas nacionales, regionales y hemisf\u00e9ricas. TIC Americas es un programa pionero de apoyo para j\u00f3venes emprendedores de las Am\u00e9ricas, que impulsa propuestas de negocio innovadoras y escalables, orientadas a responder a las necesidades de la industria, los desaf\u00edos y prioridades de la regi\u00f3n.<\/span><\/p>\t\t\t\t\t\t\t\t<\/div>\n\t\t\t\t<\/div>\n\t\t\t\t\t<\/div>\n\t\t<\/div>\n\t\t\t\t\t<\/div>\n\t\t<\/section>\n\t\t\t\t<section class=\"elementor-section elementor-top-section elementor-element elementor-element-4283b8e elementor-section-boxed elementor-section-height-default elementor-section-height-default\" data-id=\"4283b8e\" data-element_type=\"section\" data-e-type=\"section\">\n\t\t\t\t\t\t<div class=\"elementor-container elementor-column-gap-default\">\n\t\t\t\t\t<div class=\"elementor-column elementor-col-100 elementor-top-column elementor-element elementor-element-e3b4192\" data-id=\"e3b4192\" data-element_type=\"column\" data-e-type=\"column\">\n\t\t\t<div class=\"elementor-widget-wrap elementor-element-populated\">\n\t\t\t\t\t\t<div class=\"elementor-element elementor-element-2cb5cd1 elementor-widget-divider--view-line elementor-widget elementor-widget-divider\" data-id=\"2cb5cd1\" data-element_type=\"widget\" data-e-type=\"widget\" data-widget_type=\"divider.default\">\n\t\t\t\t<div class=\"elementor-widget-container\">\n\t\t\t\t\t\t\t<div class=\"elementor-divider\">\n\t\t\t<span class=\"elementor-divider-separator\">\n\t\t\t\t\t\t<\/span>\n\t\t<\/div>\n\t\t\t\t\t\t<\/div>\n\t\t\t\t<\/div>\n\t\t\t\t\t<\/div>\n\t\t<\/div>\n\t\t\t\t\t<\/div>\n\t\t<\/section>\n\t\t\t\t<section class=\"elementor-section elementor-top-section elementor-element elementor-element-fc464a7 elementor-section-boxed elementor-section-height-default elementor-section-height-default elementor-invisible\" data-id=\"fc464a7\" data-element_type=\"section\" data-e-type=\"section\" data-settings=\"{&quot;animation&quot;:&quot;fadeInRight&quot;}\">\n\t\t\t\t\t\t<div class=\"elementor-container elementor-column-gap-default\">\n\t\t\t\t\t<div class=\"elementor-column elementor-col-100 elementor-top-column elementor-element elementor-element-7ed692d\" data-id=\"7ed692d\" data-element_type=\"column\" data-e-type=\"column\">\n\t\t\t<div class=\"elementor-widget-wrap elementor-element-populated\">\n\t\t\t\t\t\t<div class=\"elementor-element elementor-element-ec7500d elementor-widget__width-auto elementor-widget elementor-widget-image\" data-id=\"ec7500d\" data-element_type=\"widget\" data-e-type=\"widget\" data-widget_type=\"image.default\">\n\t\t\t\t<div class=\"elementor-widget-container\">\n\t\t\t\t\t\t\t\t\t\t\t\t\t\t\t<img decoding=\"async\" src=\"https:\/\/ticamericas.net\/bioplastics\/wp-content\/uploads\/sites\/13\/elementor\/thumbs\/BioPlastics_Mayo5_Icono-bombillo_500x500-r5gvp0smks4x5ae506d8z0ecdyjo61qpgamtysmw3k.png\" title=\"\" alt=\"\" loading=\"lazy\" \/>\t\t\t\t\t\t\t\t\t\t\t\t\t\t\t<\/div>\n\t\t\t\t<\/div>\n\t\t\t\t<div class=\"elementor-element elementor-element-813e782 elementor-widget__width-auto elementor-widget elementor-widget-heading\" data-id=\"813e782\" data-element_type=\"widget\" data-e-type=\"widget\" data-widget_type=\"heading.default\">\n\t\t\t\t<div class=\"elementor-widget-container\">\n\t\t\t\t\t<h2 class=\"elementor-heading-title elementor-size-default\">\u00bfQu\u00e9 es el Bio Plastics Challenge?<\/h2>\t\t\t\t<\/div>\n\t\t\t\t<\/div>\n\t\t\t\t<div class=\"elementor-element elementor-element-02eb24d elementor-widget elementor-widget-text-editor\" data-id=\"02eb24d\" data-element_type=\"widget\" data-e-type=\"widget\" data-widget_type=\"text-editor.default\">\n\t\t\t\t<div class=\"elementor-widget-container\">\n\t\t\t\t\t\t\t\t\t<p><span style=\"font-weight: 400;\">El Bio Plastics Challenge es una categor\u00eda especial de TIC Americas dirigida a j\u00f3venes cient\u00edficos, emprendedores e innovadores de todo el continente americano, con soluciones que impulsen el desarrollo, la comercializaci\u00f3n y la adopci\u00f3n de biopl\u00e1sticos.<\/span><\/p><p><span style=\"font-weight: 400;\">Organizado por el Young Americas Business Trust (YABT), el Bio Plastics Challenge forma parte del componente Emprendimiento para la Acci\u00f3n del VII Foro de J\u00f3venes de las Am\u00e9ricas, como parte del proceso rumbo a la X Cumbre de las Am\u00e9ricas.<\/span><\/p>\t\t\t\t\t\t\t\t<\/div>\n\t\t\t\t<\/div>\n\t\t\t\t\t<\/div>\n\t\t<\/div>\n\t\t\t\t\t<\/div>\n\t\t<\/section>\n\t\t\t\t<\/div>\n\t\t","protected":false},"excerpt":{"rendered":"<p>\u00bfQu\u00e9 es TIC Americas? Las Competencias Talento e Innovaci\u00f3n de las Am\u00e9ricas (TIC Americas), son un programa hemisf\u00e9rico desarrollado por el Young Americas Business Trust (YABT), con el apoyo de la Secretar\u00eda General de la Organizaci\u00f3n de los Estados Americanos (OEA), y en cooperaci\u00f3n con organizaciones p\u00fablicas\/privadas nacionales, regionales y hemisf\u00e9ricas. TIC Americas es un [&hellip;]<\/p>\n","protected":false},"author":1,"featured_media":0,"parent":7,"menu_order":0,"comment_status":"closed","ping_status":"closed","template":"","meta":{"footnotes":""},"class_list":["post-464","page","type-page","status-publish","hentry"],"_links":{"self":[{"href":"https:\/\/ticamericas.net\/bioplastics\/wp-json\/wp\/v2\/pages\/464","targetHints":{"allow":["GET"]}}],"collection":[{"href":"https:\/\/ticamericas.net\/bioplastics\/wp-json\/wp\/v2\/pages"}],"about":[{"href":"https:\/\/ticamericas.net\/bioplastics\/wp-json\/wp\/v2\/types\/page"}],"author":[{"embeddable":true,"href":"https:\/\/ticamericas.net\/bioplastics\/wp-json\/wp\/v2\/users\/1"}],"replies":[{"embeddable":true,"href":"https:\/\/ticamericas.net\/bioplastics\/wp-json\/wp\/v2\/comments?post=464"}],"version-history":[{"count":7,"href":"https:\/\/ticamericas.net\/bioplastics\/wp-json\/wp\/v2\/pages\/464\/revisions"}],"predecessor-version":[{"id":675,"href":"https:\/\/ticamericas.net\/bioplastics\/wp-json\/wp\/v2\/pages\/464\/revisions\/675"}],"up":[{"embeddable":true,"href":"https:\/\/ticamericas.net\/bioplastics\/wp-json\/wp\/v2\/pages\/7"}],"wp:attachment":[{"href":"https:\/\/ticamericas.net\/bioplastics\/wp-json\/wp\/v2\/media?parent=464"}],"curies":[{"name":"wp","href":"https:\/\/api.w.org\/{rel}","templated":true}]}}